{"id":26357,"date":"2026-04-14T09:59:58","date_gmt":"2026-04-14T15:59:58","guid":{"rendered":"https:\/\/waterpeople.org\/?post_type=product&#038;p=26357"},"modified":"2026-04-22T10:29:09","modified_gmt":"2026-04-22T16:29:09","slug":"summer-intensive-week","status":"publish","type":"product","link":"https:\/\/waterpeople.org\/spanish\/ticket\/summer-intensive-week\/","title":{"rendered":"SUMMER INTENSIVE WEEK"},"content":{"rendered":"<div data-elementor-type=\"product-post\" data-elementor-id=\"26357\" class=\"elementor elementor-26357\" data-elementor-post-type=\"product\">\n\t\t\t\t<div class=\"elementor-element elementor-element-665679c e-flex e-con-boxed e-con e-parent\" data-id=\"665679c\" data-element_type=\"container\" data-e-type=\"container\" data-settings=\"{&quot;background_background&quot;:&quot;classic&quot;}\">\n\t\t\t\t\t<div class=\"e-con-inner\">\n\t\t<div class=\"elementor-element elementor-element-acfc0cf e-con-full e-flex e-con e-child\" data-id=\"acfc0cf\" data-element_type=\"container\" data-e-type=\"container\">\n\t\t\t\t<div class=\"elementor-element elementor-element-2000072 elementor-widget__width-initial elementor-widget elementor-widget-image\" data-id=\"2000072\" data-element_type=\"widget\" data-e-type=\"widget\" data-widget_type=\"image.default\">\n\t\t\t\t<div class=\"elementor-widget-container\">\n\t\t\t\t\t\t\t\t\t\t\t\t\t\t\t<img fetchpriority=\"high\" decoding=\"async\" width=\"768\" height=\"346\" src=\"https:\/\/waterpeople.org\/wp-content\/uploads\/2026\/04\/79a8aedd-1807-292c-e827-df93befae7e9-e1776873505661-768x346.png\" class=\"attachment-medium_large size-medium_large wp-image-26356\" alt=\"\" srcset=\"https:\/\/waterpeople.org\/wp-content\/uploads\/2026\/04\/79a8aedd-1807-292c-e827-df93befae7e9-e1776873505661-768x346.png 768w, https:\/\/waterpeople.org\/wp-content\/uploads\/2026\/04\/79a8aedd-1807-292c-e827-df93befae7e9-e1776873505661-300x135.png 300w, https:\/\/waterpeople.org\/wp-content\/uploads\/2026\/04\/79a8aedd-1807-292c-e827-df93befae7e9-e1776873505661-18x8.png 18w, https:\/\/waterpeople.org\/wp-content\/uploads\/2026\/04\/79a8aedd-1807-292c-e827-df93befae7e9-e1776873505661-600x270.png 600w, https:\/\/waterpeople.org\/wp-content\/uploads\/2026\/04\/79a8aedd-1807-292c-e827-df93befae7e9-e1776873505661.png 808w\" sizes=\"(max-width: 768px) 100vw, 768px\" \/>\t\t\t\t\t\t\t\t\t\t\t\t\t\t\t<\/div>\n\t\t\t\t<\/div>\n\t\t\t\t<div class=\"elementor-element elementor-element-342b911 elementor-hidden-mobile elementor-widget elementor-widget-heading\" data-id=\"342b911\" data-element_type=\"widget\" data-e-type=\"widget\" data-widget_type=\"heading.default\">\n\t\t\t\t<div class=\"elementor-widget-container\">\n\t\t\t\t\t<h2 class=\"elementor-heading-title elementor-size-default\">IMAGINATION | CAMERA | ACTION<\/h2>\t\t\t\t<\/div>\n\t\t\t\t<\/div>\n\t\t\t\t<div class=\"elementor-element elementor-element-3a55693 elementor-hidden-desktop elementor-hidden-tablet elementor-widget elementor-widget-heading\" data-id=\"3a55693\" data-element_type=\"widget\" data-e-type=\"widget\" data-widget_type=\"heading.default\">\n\t\t\t\t<div class=\"elementor-widget-container\">\n\t\t\t\t\t<h2 class=\"elementor-heading-title elementor-size-default\">IMAGINATION CAMERA | ACTION<\/h2>\t\t\t\t<\/div>\n\t\t\t\t<\/div>\n\t\t\t\t<div class=\"elementor-element elementor-element-0ca40c3 elementor-widget elementor-widget-heading\" data-id=\"0ca40c3\" data-element_type=\"widget\" data-e-type=\"widget\" data-widget_type=\"heading.default\">\n\t\t\t\t<div class=\"elementor-widget-container\">\n\t\t\t\t\t<h2 class=\"elementor-heading-title elementor-size-default\">INTENSIVE CREATIVE LAB<\/h2>\t\t\t\t<\/div>\n\t\t\t\t<\/div>\n\t\t\t\t<div class=\"elementor-element elementor-element-2eff6ba elementor-widget elementor-widget-text-editor\" data-id=\"2eff6ba\" data-element_type=\"widget\" data-e-type=\"widget\" data-widget_type=\"text-editor.default\">\n\t\t\t\t<div class=\"elementor-widget-container\">\n\t\t\t\t\t\t\t\t\t<div class=\"elementor-element elementor-element-628ae78 elementor-widget elementor-widget-text-editor\" data-id=\"628ae78\" data-element_type=\"widget\" data-widget_type=\"text-editor.default\"><div class=\"elementor-widget-container\" style=\"text-align: center;\"><p><strong>JUNE 15th &#8211; 19th<br \/><\/strong>9 A.M. &#8211; 1 P.M.<\/p><\/div><\/div>\t\t\t\t\t\t\t\t<\/div>\n\t\t\t\t<\/div>\n\t\t\t\t<div class=\"elementor-element elementor-element-2e9f9e1 elementor-widget elementor-widget-text-editor\" data-id=\"2e9f9e1\" data-element_type=\"widget\" data-e-type=\"widget\" data-widget_type=\"text-editor.default\">\n\t\t\t\t<div class=\"elementor-widget-container\">\n\t\t\t\t\t\t\t\t\t<p>In this <b>Summer Creative Lab<\/b>, kids will create, act, and film original short scenes based on ideas and themes that matter to all of us. Together, we\u2019ll develop, perform, and bring these stories to life on camera.<\/p>\t\t\t\t\t\t\t\t<\/div>\n\t\t\t\t<\/div>\n\t\t\t\t<div class=\"elementor-element elementor-element-2d1035d elementor-widget elementor-widget-text-editor\" data-id=\"2d1035d\" data-element_type=\"widget\" data-e-type=\"widget\" data-widget_type=\"text-editor.default\">\n\t\t\t\t<div class=\"elementor-widget-container\">\n\t\t\t\t\t\t\t\t\t<p>En este <b>Laboratorio Creativo de verano<\/b>, los ni\u00f1os crear\u00e1n, actuar\u00e1n y filmar\u00e1n escenas originales a partir de ideas y temas que nos importan a todos. Juntos, crearemos nuestros mini films.<\/p>\t\t\t\t\t\t\t\t<\/div>\n\t\t\t\t<\/div>\n\t\t<div class=\"elementor-element elementor-element-bed13a6 e-con-full e-flex e-con e-child\" data-id=\"bed13a6\" data-element_type=\"container\" data-e-type=\"container\">\n\t\t\t\t<div class=\"elementor-element elementor-element-a891f59 elementor-widget elementor-widget-heading\" data-id=\"a891f59\" data-element_type=\"widget\" data-e-type=\"widget\" data-widget_type=\"heading.default\">\n\t\t\t\t<div class=\"elementor-widget-container\">\n\t\t\t\t\t<h2 class=\"elementor-heading-title elementor-size-default\">$300<\/h2>\t\t\t\t<\/div>\n\t\t\t\t<\/div>\n\t\t\t\t<div class=\"elementor-element elementor-element-f92a121 elementor-add-to-cart--align-center elementor-add-to-cart--layout-auto elementor-widget elementor-widget-wc-add-to-cart\" data-id=\"f92a121\" data-element_type=\"widget\" data-e-type=\"widget\" data-widget_type=\"wc-add-to-cart.default\">\n\t\t\t\t<div class=\"elementor-widget-container\">\n\t\t\t\t\t\t\t\t\t<div class=\"elementor-button-wrapper\">\n\t\t\t\t\t<a rel=\"nofollow\" href=\"\/spanish\/ticket\/summer-intensive-week\/?add-to-cart=26357\" data-quantity=\"1\" data-product_id=\"26357\" class=\"product_type_simple add_to_cart_button ajax_add_to_cart elementor-button elementor-size-sm\" role=\"button\">\n\t\t\t\t\t\t<span class=\"elementor-button-content-wrapper\">\n\t\t\t\t\t\t<span class=\"elementor-button-icon\">\n\t\t\t\t<i aria-hidden=\"true\" class=\"fas fa-film\"><\/i>\t\t\t<\/span>\n\t\t\t\t\t\t\t\t\t<span class=\"elementor-button-text\">Register now<\/span>\n\t\t\t\t\t<\/span>\n\t\t\t\t\t<\/a>\n\t\t\t\t<\/div>\n\t\t\t\t\t\t\t\t<\/div>\n\t\t\t\t<\/div>\n\t\t\t\t<\/div>\n\t\t\t\t<div class=\"elementor-element elementor-element-9356f1d elementor-widget elementor-widget-spacer\" data-id=\"9356f1d\" data-element_type=\"widget\" data-e-type=\"widget\" data-widget_type=\"spacer.default\">\n\t\t\t\t<div class=\"elementor-widget-container\">\n\t\t\t\t\t\t\t<div class=\"elementor-spacer\">\n\t\t\t<div class=\"elementor-spacer-inner\"><\/div>\n\t\t<\/div>\n\t\t\t\t\t\t<\/div>\n\t\t\t\t<\/div>\n\t\t\t\t<\/div>\n\t\t\t\t\t<\/div>\n\t\t\t\t<\/div>\n\t\t<div class=\"elementor-element elementor-element-18433eb e-flex e-con-boxed elementor-invisible e-con e-parent\" data-id=\"18433eb\" data-element_type=\"container\" data-e-type=\"container\" data-settings=\"{&quot;background_background&quot;:&quot;classic&quot;,&quot;animation&quot;:&quot;fadeInUp&quot;}\">\n\t\t\t\t\t<div class=\"e-con-inner\">\n\t\t<div class=\"elementor-element elementor-element-0c7fc71 e-flex e-con-boxed e-con e-child\" data-id=\"0c7fc71\" data-element_type=\"container\" data-e-type=\"container\">\n\t\t\t\t\t<div class=\"e-con-inner\">\n\t\t\t\t<div class=\"elementor-element elementor-element-9b128e9 elementor-widget elementor-widget-heading\" data-id=\"9b128e9\" data-element_type=\"widget\" data-e-type=\"widget\" data-widget_type=\"heading.default\">\n\t\t\t\t<div class=\"elementor-widget-container\">\n\t\t\t\t\t<h2 class=\"elementor-heading-title elementor-size-default\">Haz una donaci\u00f3n<\/h2>\t\t\t\t<\/div>\n\t\t\t\t<\/div>\n\t\t\t\t<div class=\"elementor-element elementor-element-679b89e elementor-widget elementor-widget-text-editor\" data-id=\"679b89e\" data-element_type=\"widget\" data-e-type=\"widget\" data-widget_type=\"text-editor.default\">\n\t\t\t\t<div class=\"elementor-widget-container\">\n\t\t\t\t\t\t\t\t\t<p>With your support we will continue producing high-quality bilingual theater, attract new talent and audiences; promote important humanistic themes and encourage audiences to embrace a set of values consistent with social harmony.<\/p>\t\t\t\t\t\t\t\t<\/div>\n\t\t\t\t<\/div>\n\t\t\t\t<div class=\"elementor-element elementor-element-e9b110b elementor-hidden-tablet elementor-align-center elementor-widget elementor-widget-button\" data-id=\"e9b110b\" data-element_type=\"widget\" data-e-type=\"widget\" data-widget_type=\"button.default\">\n\t\t\t\t<div class=\"elementor-widget-container\">\n\t\t\t\t\t\t\t\t\t<div class=\"elementor-button-wrapper\">\n\t\t\t\t\t<a class=\"elementor-button elementor-button-link elementor-size-sm elementor-animation-float\" href=\"https:\/\/buy.stripe.com\/7sIaFj9W6dt066kcMM\">\n\t\t\t\t\t\t<span class=\"elementor-button-content-wrapper\">\n\t\t\t\t\t\t\t\t\t<span class=\"elementor-button-text\">Donar <\/span>\n\t\t\t\t\t<\/span>\n\t\t\t\t\t<\/a>\n\t\t\t\t<\/div>\n\t\t\t\t\t\t\t\t<\/div>\n\t\t\t\t<\/div>\n\t\t\t\t\t<\/div>\n\t\t\t\t<\/div>\n\t\t\t\t\t<\/div>\n\t\t\t\t<\/div>\n\t\t\t\t<\/div>","protected":false},"excerpt":{"rendered":"<p>IMAGINATION | CAMERA | ACTION IMAGINATION CAMERA | ACTION INTENSIVE CREATIVE LAB JUNE 15th &#8211; 19th9 A.M. &#8211; 1 P.M. In this Summer Creative Lab, kids will create, act, and film original short scenes based on ideas and themes that matter to all of us. Together, we\u2019ll develop, perform, and bring these stories to life [&hellip;]<\/p>\n","protected":false},"featured_media":26356,"template":"","meta":{"_acf_changed":false},"product_brand":[],"product_cat":[236],"product_tag":[],"class_list":{"0":"post-26357","1":"product","2":"type-product","3":"status-publish","4":"has-post-thumbnail","6":"product_cat-water-people-theater-studio-kids","8":"first","9":"instock","10":"virtual","11":"taxable","12":"purchasable","13":"product-type-simple"},"acf":[],"_links":{"self":[{"href":"https:\/\/waterpeople.org\/spanish\/wp-json\/wp\/v2\/product\/26357","targetHints":{"allow":["GET"]}}],"collection":[{"href":"https:\/\/waterpeople.org\/spanish\/wp-json\/wp\/v2\/product"}],"about":[{"href":"https:\/\/waterpeople.org\/spanish\/wp-json\/wp\/v2\/types\/product"}],"version-history":[{"count":38,"href":"https:\/\/waterpeople.org\/spanish\/wp-json\/wp\/v2\/product\/26357\/revisions"}],"predecessor-version":[{"id":26433,"href":"https:\/\/waterpeople.org\/spanish\/wp-json\/wp\/v2\/product\/26357\/revisions\/26433"}],"wp:featuredmedia":[{"embeddable":true,"href":"https:\/\/waterpeople.org\/spanish\/wp-json\/wp\/v2\/media\/26356"}],"wp:attachment":[{"href":"https:\/\/waterpeople.org\/spanish\/wp-json\/wp\/v2\/media?parent=26357"}],"wp:term":[{"taxonomy":"product_brand","embeddable":true,"href":"https:\/\/waterpeople.org\/spanish\/wp-json\/wp\/v2\/product_brand?post=26357"},{"taxonomy":"product_cat","embeddable":true,"href":"https:\/\/waterpeople.org\/spanish\/wp-json\/wp\/v2\/product_cat?post=26357"},{"taxonomy":"product_tag","embeddable":true,"href":"https:\/\/waterpeople.org\/spanish\/wp-json\/wp\/v2\/product_tag?post=26357"}],"curies":[{"name":"wp","href":"https:\/\/api.w.org\/{rel}","templated":true}]}}