{"id":25476,"date":"2025-12-26T15:25:13","date_gmt":"2025-12-26T21:25:13","guid":{"rendered":"https:\/\/waterpeople.org\/?page_id=25476"},"modified":"2025-12-28T08:49:45","modified_gmt":"2025-12-28T14:49:45","slug":"water-people-studio-lab","status":"publish","type":"page","link":"https:\/\/waterpeople.org\/spanish\/water-people-studio-lab\/","title":{"rendered":"WATER PEOPLE STUDIO lab"},"content":{"rendered":"<div data-elementor-type=\"wp-page\" data-elementor-id=\"25476\" class=\"elementor elementor-25476\" data-elementor-post-type=\"page\">\n\t\t\t\t<div class=\"elementor-element elementor-element-710653e e-flex e-con-boxed e-con e-parent\" data-id=\"710653e\" data-element_type=\"container\" data-e-type=\"container\" data-settings=\"{&quot;background_background&quot;:&quot;gradient&quot;}\">\n\t\t\t\t\t<div class=\"e-con-inner\">\n\t\t\t\t<div class=\"elementor-element elementor-element-18101e8 elementor-widget elementor-widget-text-editor\" data-id=\"18101e8\" data-element_type=\"widget\" data-e-type=\"widget\" data-widget_type=\"text-editor.default\">\n\t\t\t\t<div class=\"elementor-widget-container\">\n\t\t\t\t\t\t\t\t\t<p>WATER PEOPLE <strong>STUDIO LAB<\/strong><\/p>\t\t\t\t\t\t\t\t<\/div>\n\t\t\t\t<\/div>\n\t\t\t\t\t<\/div>\n\t\t\t\t<\/div>\n\t\t<div class=\"elementor-element elementor-element-90c8a56 e-flex e-con-boxed e-con e-parent\" data-id=\"90c8a56\" data-element_type=\"container\" data-e-type=\"container\">\n\t\t\t\t\t<div class=\"e-con-inner\">\n\t\t\t\t<div class=\"elementor-element elementor-element-7f7ac63 elementor-widget elementor-widget-text-editor\" data-id=\"7f7ac63\" data-element_type=\"widget\" data-e-type=\"widget\" data-widget_type=\"text-editor.default\">\n\t\t\t\t<div class=\"elementor-widget-container\">\n\t\t\t\t\t\t\t\t\t<p><b>WPT STUDIO LAB<\/b> es un espacio de creaci\u00f3n, formaci\u00f3n y exploraci\u00f3n esc\u00e9nica dedicado a actores y profesionales del teatro que desean profundizar su proceso art\u00edstico, fortalecer su t\u00e9cnica y expandir su mirada creativa. Hemos desarrollado talleres con reconocidos maestros y artistas de Latinoam\u00e9rica y Espa\u00f1a, y hemos impartido procesos formativos tanto en l\u00ednea como de manera presencial. Nuestros programas online han beneficiado a m\u00e1s de 200 participantes, mientras que los encuentros presenciales contin\u00faan generando comunidad, intercambio creativo y experiencias art\u00edsticas de alto impacto.<\/p>\t\t\t\t\t\t\t\t<\/div>\n\t\t\t\t<\/div>\n\t\t\t\t\t<\/div>\n\t\t\t\t<\/div>\n\t\t\t\t<\/div>","protected":false},"excerpt":{"rendered":"<p>WATER PEOPLE STUDIO LAB WPT STUDIO LAB is a space for artistic creation, training and exploration dedicated to actors and theater professionals who seek to deepen their artistic process, strengthen their technique and expand their creative vision. We have developed workshops with renowned artists and master teachers from Latin America and Spain, offering training processes [&hellip;]<\/p>\n","protected":false},"author":1,"featured_media":0,"parent":0,"menu_order":0,"comment_status":"closed","ping_status":"closed","template":"","meta":{"_acf_changed":false,"footnotes":""},"class_list":["post-25476","page","type-page","status-publish","hentry"],"acf":[],"_links":{"self":[{"href":"https:\/\/waterpeople.org\/spanish\/wp-json\/wp\/v2\/pages\/25476","targetHints":{"allow":["GET"]}}],"collection":[{"href":"https:\/\/waterpeople.org\/spanish\/wp-json\/wp\/v2\/pages"}],"about":[{"href":"https:\/\/waterpeople.org\/spanish\/wp-json\/wp\/v2\/types\/page"}],"author":[{"embeddable":true,"href":"https:\/\/waterpeople.org\/spanish\/wp-json\/wp\/v2\/users\/1"}],"replies":[{"embeddable":true,"href":"https:\/\/waterpeople.org\/spanish\/wp-json\/wp\/v2\/comments?post=25476"}],"version-history":[{"count":21,"href":"https:\/\/waterpeople.org\/spanish\/wp-json\/wp\/v2\/pages\/25476\/revisions"}],"predecessor-version":[{"id":25679,"href":"https:\/\/waterpeople.org\/spanish\/wp-json\/wp\/v2\/pages\/25476\/revisions\/25679"}],"wp:attachment":[{"href":"https:\/\/waterpeople.org\/spanish\/wp-json\/wp\/v2\/media?parent=25476"}],"curies":[{"name":"wp","href":"https:\/\/api.w.org\/{rel}","templated":true}]}}