{"id":23782,"date":"2025-05-14T15:09:17","date_gmt":"2025-05-14T21:09:17","guid":{"rendered":"https:\/\/waterpeople.org\/?page_id=23782"},"modified":"2025-12-28T07:06:50","modified_gmt":"2025-12-28T13:06:50","slug":"encuentro-en-el-parque-peligroso","status":"publish","type":"page","link":"https:\/\/waterpeople.org\/spanish\/encuentro-en-el-parque-peligroso\/","title":{"rendered":"Encuentro en el Parque Peligroso"},"content":{"rendered":"<div data-elementor-type=\"wp-page\" data-elementor-id=\"23782\" class=\"elementor elementor-23782\" data-elementor-post-type=\"page\">\n\t\t\t\t<div class=\"elementor-element elementor-element-0e06511 e-flex e-con-boxed e-con e-parent\" data-id=\"0e06511\" data-element_type=\"container\" data-e-type=\"container\" data-settings=\"{&quot;background_background&quot;:&quot;classic&quot;}\">\n\t\t\t\t\t<div class=\"e-con-inner\">\n\t\t<div class=\"elementor-element elementor-element-2270983 e-con-full e-flex e-con e-child\" data-id=\"2270983\" data-element_type=\"container\" data-e-type=\"container\" data-settings=\"{&quot;background_background&quot;:&quot;classic&quot;}\">\n\t\t\t\t<div class=\"elementor-element elementor-element-fb8877a elementor-widget elementor-widget-heading\" data-id=\"fb8877a\" data-element_type=\"widget\" data-e-type=\"widget\" data-widget_type=\"heading.default\">\n\t\t\t\t<div class=\"elementor-widget-container\">\n\t\t\t\t\t<h2 class=\"elementor-heading-title elementor-size-default\">Encuentro en el <br>\nparque  Peligroso<\/h2>\t\t\t\t<\/div>\n\t\t\t\t<\/div>\n\t\t\t\t<div class=\"elementor-element elementor-element-354b32d elementor-widget elementor-widget-text-editor\" data-id=\"354b32d\" data-element_type=\"widget\" data-e-type=\"widget\" data-widget_type=\"text-editor.default\">\n\t\t\t\t<div class=\"elementor-widget-container\">\n\t\t\t\t\t\t\t\t\t<p>Escrita por <strong>RODOLFO SANTANA<\/strong><\/p>\t\t\t\t\t\t\t\t<\/div>\n\t\t\t\t<\/div>\n\t\t\t\t<div class=\"elementor-element elementor-element-6363d62 elementor-widget elementor-widget-text-editor\" data-id=\"6363d62\" data-element_type=\"widget\" data-e-type=\"widget\" data-widget_type=\"text-editor.default\">\n\t\t\t\t<div class=\"elementor-widget-container\">\n\t\t\t\t\t\t\t\t\t<p>Dirigida por <strong>MARIO SUDANO<\/strong><\/p>\t\t\t\t\t\t\t\t<\/div>\n\t\t\t\t<\/div>\n\t\t\t\t<\/div>\n\t\t\t\t\t<\/div>\n\t\t\t\t<\/div>\n\t\t<div class=\"elementor-element elementor-element-6566a77 e-flex e-con-boxed e-con e-parent\" data-id=\"6566a77\" data-element_type=\"container\" data-e-type=\"container\" data-settings=\"{&quot;background_background&quot;:&quot;classic&quot;}\">\n\t\t\t\t\t<div class=\"e-con-inner\">\n\t\t\t\t<div class=\"elementor-element elementor-element-3d496a5 elementor-widget__width-initial elementor-widget elementor-widget-text-editor\" data-id=\"3d496a5\" data-element_type=\"widget\" data-e-type=\"widget\" data-widget_type=\"text-editor.default\">\n\t\t\t\t<div class=\"elementor-widget-container\">\n\t\t\t\t\t\t\t\t\t<p>En un parque solitario, entre sombras, silencios y palabras afiladas, se cruzan dos desconocidos: ella, una mujer que ha decidido poner fin a su existencia; \u00e9l, un hombre enigm\u00e1tico que parece saber m\u00e1s de lo que dice. Lo que comienza como un encuentro casual en medio de la noche, se convierte en un tenso duelo psicol\u00f3gico cargado de humor negro, verdades inc\u00f3modas y reflexiones sobre el amor, la muerte, el poder y la soledad.<\/p><p>&#8220;Encuentro en el parque peligroso&#8221; es una mordaz radiograf\u00eda del alma humana, escrita por el dramaturgo venezolano Rodolfo Santana, que confronta al espectador con sus propios miedos y deseos. La intensidad de Rebeca Alem\u00e1n y Fernando Then, dirigida con precisi\u00f3n por Mario Sudano, da vida a este juego teatral cargado de iron\u00eda, tensi\u00f3n y humanidad.<\/p>\t\t\t\t\t\t\t\t<\/div>\n\t\t\t\t<\/div>\n\t\t\t\t<div class=\"elementor-element elementor-element-4ac6170 elementor-widget__width-initial elementor-widget elementor-widget-text-editor\" data-id=\"4ac6170\" data-element_type=\"widget\" data-e-type=\"widget\" data-widget_type=\"text-editor.default\">\n\t\t\t\t<div class=\"elementor-widget-container\">\n\t\t\t\t\t\t\t\t\t<p style=\"text-align: center;\">CAST<\/p>\t\t\t\t\t\t\t\t<\/div>\n\t\t\t\t<\/div>\n\t\t\t\t<div class=\"elementor-element elementor-element-fdf56a7 elementor-widget__width-initial elementor-widget elementor-widget-text-editor\" data-id=\"fdf56a7\" data-element_type=\"widget\" data-e-type=\"widget\" data-widget_type=\"text-editor.default\">\n\t\t\t\t<div class=\"elementor-widget-container\">\n\t\t\t\t\t\t\t\t\t<p style=\"text-align: center;\">Rebeca Alem\u00e1n<br \/>Fernando Then<\/p>\t\t\t\t\t\t\t\t<\/div>\n\t\t\t\t<\/div>\n\t\t\t\t<div class=\"elementor-element elementor-element-a4953bc elementor-widget elementor-widget-gallery\" data-id=\"a4953bc\" data-element_type=\"widget\" data-e-type=\"widget\" data-settings=\"{&quot;gap&quot;:{&quot;unit&quot;:&quot;px&quot;,&quot;size&quot;:7,&quot;sizes&quot;:[]},&quot;gap_mobile&quot;:{&quot;unit&quot;:&quot;px&quot;,&quot;size&quot;:3,&quot;sizes&quot;:[]},&quot;gallery_layout&quot;:&quot;justified&quot;,&quot;lazyload&quot;:&quot;yes&quot;,&quot;ideal_row_height&quot;:{&quot;unit&quot;:&quot;px&quot;,&quot;size&quot;:200,&quot;sizes&quot;:[]},&quot;ideal_row_height_tablet&quot;:{&quot;unit&quot;:&quot;px&quot;,&quot;size&quot;:150,&quot;sizes&quot;:[]},&quot;ideal_row_height_mobile&quot;:{&quot;unit&quot;:&quot;px&quot;,&quot;size&quot;:150,&quot;sizes&quot;:[]},&quot;gap_tablet&quot;:{&quot;unit&quot;:&quot;px&quot;,&quot;size&quot;:10,&quot;sizes&quot;:[]},&quot;link_to&quot;:&quot;file&quot;,&quot;overlay_background&quot;:&quot;yes&quot;,&quot;content_hover_animation&quot;:&quot;fade-in&quot;}\" data-widget_type=\"gallery.default\">\n\t\t\t\t<div class=\"elementor-widget-container\">\n\t\t\t\t\t\t\t<div class=\"elementor-gallery__container\">\n\t\t\t\t\t\t\t<a class=\"e-gallery-item elementor-gallery-item elementor-animated-content\" href=\"https:\/\/waterpeople.org\/wp-content\/uploads\/2025\/05\/encuentro-en-el-parque-peligroso-02.jpg\" data-elementor-open-lightbox=\"yes\" data-elementor-lightbox-slideshow=\"a4953bc\" data-elementor-lightbox-title=\"encuentro en el parque peligroso 02\" data-e-action-hash=\"#elementor-action%3Aaction%3Dlightbox%26settings%3DeyJpZCI6MjM3ODUsInVybCI6Imh0dHBzOlwvXC93YXRlcnBlb3BsZS5vcmdcL3dwLWNvbnRlbnRcL3VwbG9hZHNcLzIwMjVcLzA1XC9lbmN1ZW50cm8tZW4tZWwtcGFycXVlLXBlbGlncm9zby0wMi5qcGciLCJzbGlkZXNob3ciOiJhNDk1M2JjIn0%3D\">\n\t\t\t\t\t<div class=\"e-gallery-image elementor-gallery-item__image\" data-thumbnail=\"https:\/\/waterpeople.org\/wp-content\/uploads\/2025\/05\/encuentro-en-el-parque-peligroso-02-300x237.jpg\" data-width=\"300\" data-height=\"237\" aria-label=\"\" role=\"img\" ><\/div>\n\t\t\t\t\t\t\t\t\t\t\t<div class=\"elementor-gallery-item__overlay\"><\/div>\n\t\t\t\t\t\t\t\t\t\t\t\t\t\t<\/a>\n\t\t\t\t\t\t\t<a class=\"e-gallery-item elementor-gallery-item elementor-animated-content\" href=\"https:\/\/waterpeople.org\/wp-content\/uploads\/2025\/05\/encuentro-en-el-parque-peligroso-01.jpg\" data-elementor-open-lightbox=\"yes\" data-elementor-lightbox-slideshow=\"a4953bc\" data-elementor-lightbox-title=\"encuentro en el parque peligroso 01\" data-e-action-hash=\"#elementor-action%3Aaction%3Dlightbox%26settings%3DeyJpZCI6MjM3ODQsInVybCI6Imh0dHBzOlwvXC93YXRlcnBlb3BsZS5vcmdcL3dwLWNvbnRlbnRcL3VwbG9hZHNcLzIwMjVcLzA1XC9lbmN1ZW50cm8tZW4tZWwtcGFycXVlLXBlbGlncm9zby0wMS5qcGciLCJzbGlkZXNob3ciOiJhNDk1M2JjIn0%3D\">\n\t\t\t\t\t<div class=\"e-gallery-image elementor-gallery-item__image\" data-thumbnail=\"https:\/\/waterpeople.org\/wp-content\/uploads\/2025\/05\/encuentro-en-el-parque-peligroso-01-300x237.jpg\" data-width=\"300\" data-height=\"237\" aria-label=\"\" role=\"img\" ><\/div>\n\t\t\t\t\t\t\t\t\t\t\t<div class=\"elementor-gallery-item__overlay\"><\/div>\n\t\t\t\t\t\t\t\t\t\t\t\t\t\t<\/a>\n\t\t\t\t\t\t\t<a class=\"e-gallery-item elementor-gallery-item elementor-animated-content\" href=\"https:\/\/waterpeople.org\/wp-content\/uploads\/2025\/05\/encuentro-en-el-parque-peligroso-06.jpg\" data-elementor-open-lightbox=\"yes\" data-elementor-lightbox-slideshow=\"a4953bc\" data-elementor-lightbox-title=\"encuentro en el parque peligroso 06\" data-e-action-hash=\"#elementor-action%3Aaction%3Dlightbox%26settings%3DeyJpZCI6MjM3ODgsInVybCI6Imh0dHBzOlwvXC93YXRlcnBlb3BsZS5vcmdcL3dwLWNvbnRlbnRcL3VwbG9hZHNcLzIwMjVcLzA1XC9lbmN1ZW50cm8tZW4tZWwtcGFycXVlLXBlbGlncm9zby0wNi5qcGciLCJzbGlkZXNob3ciOiJhNDk1M2JjIn0%3D\">\n\t\t\t\t\t<div class=\"e-gallery-image elementor-gallery-item__image\" data-thumbnail=\"https:\/\/waterpeople.org\/wp-content\/uploads\/2025\/05\/encuentro-en-el-parque-peligroso-06-201x300.jpg\" data-width=\"201\" data-height=\"300\" aria-label=\"\" role=\"img\" ><\/div>\n\t\t\t\t\t\t\t\t\t\t\t<div class=\"elementor-gallery-item__overlay\"><\/div>\n\t\t\t\t\t\t\t\t\t\t\t\t\t\t<\/a>\n\t\t\t\t\t\t\t<a class=\"e-gallery-item elementor-gallery-item elementor-animated-content\" href=\"https:\/\/waterpeople.org\/wp-content\/uploads\/2025\/05\/encuentro-en-el-parque-peligroso-04.jpg\" data-elementor-open-lightbox=\"yes\" data-elementor-lightbox-slideshow=\"a4953bc\" data-elementor-lightbox-title=\"encuentro en el parque peligroso 04\" data-e-action-hash=\"#elementor-action%3Aaction%3Dlightbox%26settings%3DeyJpZCI6MjM3ODcsInVybCI6Imh0dHBzOlwvXC93YXRlcnBlb3BsZS5vcmdcL3dwLWNvbnRlbnRcL3VwbG9hZHNcLzIwMjVcLzA1XC9lbmN1ZW50cm8tZW4tZWwtcGFycXVlLXBlbGlncm9zby0wNC5qcGciLCJzbGlkZXNob3ciOiJhNDk1M2JjIn0%3D\">\n\t\t\t\t\t<div class=\"e-gallery-image elementor-gallery-item__image\" data-thumbnail=\"https:\/\/waterpeople.org\/wp-content\/uploads\/2025\/05\/encuentro-en-el-parque-peligroso-04-300x186.jpg\" data-width=\"300\" data-height=\"186\" aria-label=\"\" role=\"img\" ><\/div>\n\t\t\t\t\t\t\t\t\t\t\t<div class=\"elementor-gallery-item__overlay\"><\/div>\n\t\t\t\t\t\t\t\t\t\t\t\t\t\t<\/a>\n\t\t\t\t\t\t\t<a class=\"e-gallery-item elementor-gallery-item elementor-animated-content\" href=\"https:\/\/waterpeople.org\/wp-content\/uploads\/2025\/05\/encuentro-en-el-parque-peligroso-03.jpg\" data-elementor-open-lightbox=\"yes\" data-elementor-lightbox-slideshow=\"a4953bc\" data-elementor-lightbox-title=\"encuentro en el parque peligroso 03\" data-e-action-hash=\"#elementor-action%3Aaction%3Dlightbox%26settings%3DeyJpZCI6MjM3ODYsInVybCI6Imh0dHBzOlwvXC93YXRlcnBlb3BsZS5vcmdcL3dwLWNvbnRlbnRcL3VwbG9hZHNcLzIwMjVcLzA1XC9lbmN1ZW50cm8tZW4tZWwtcGFycXVlLXBlbGlncm9zby0wMy5qcGciLCJzbGlkZXNob3ciOiJhNDk1M2JjIn0%3D\">\n\t\t\t\t\t<div class=\"e-gallery-image elementor-gallery-item__image\" data-thumbnail=\"https:\/\/waterpeople.org\/wp-content\/uploads\/2025\/05\/encuentro-en-el-parque-peligroso-03-201x300.jpg\" data-width=\"201\" data-height=\"300\" aria-label=\"\" role=\"img\" ><\/div>\n\t\t\t\t\t\t\t\t\t\t\t<div class=\"elementor-gallery-item__overlay\"><\/div>\n\t\t\t\t\t\t\t\t\t\t\t\t\t\t<\/a>\n\t\t\t\t\t<\/div>\n\t\t\t\t\t<\/div>\n\t\t\t\t<\/div>\n\t\t\t\t\t<\/div>\n\t\t\t\t<\/div>\n\t\t\t\t<\/div>","protected":false},"excerpt":{"rendered":"<p>Encuentro en el parque peligroso narra la historia de Pedro, un indigente que al frecuentar un parque por las noches se encuentra a una joven con la que inicia una serie de reflexiones.<\/p>","protected":false},"author":1,"featured_media":14925,"parent":0,"menu_order":0,"comment_status":"closed","ping_status":"closed","template":"","meta":{"_acf_changed":false,"footnotes":""},"class_list":["post-23782","page","type-page","status-publish","has-post-thumbnail","hentry"],"acf":[],"_links":{"self":[{"href":"https:\/\/waterpeople.org\/spanish\/wp-json\/wp\/v2\/pages\/23782","targetHints":{"allow":["GET"]}}],"collection":[{"href":"https:\/\/waterpeople.org\/spanish\/wp-json\/wp\/v2\/pages"}],"about":[{"href":"https:\/\/waterpeople.org\/spanish\/wp-json\/wp\/v2\/types\/page"}],"author":[{"embeddable":true,"href":"https:\/\/waterpeople.org\/spanish\/wp-json\/wp\/v2\/users\/1"}],"replies":[{"embeddable":true,"href":"https:\/\/waterpeople.org\/spanish\/wp-json\/wp\/v2\/comments?post=23782"}],"version-history":[{"count":19,"href":"https:\/\/waterpeople.org\/spanish\/wp-json\/wp\/v2\/pages\/23782\/revisions"}],"predecessor-version":[{"id":25670,"href":"https:\/\/waterpeople.org\/spanish\/wp-json\/wp\/v2\/pages\/23782\/revisions\/25670"}],"wp:featuredmedia":[{"embeddable":true,"href":"https:\/\/waterpeople.org\/spanish\/wp-json\/wp\/v2\/media\/14925"}],"wp:attachment":[{"href":"https:\/\/waterpeople.org\/spanish\/wp-json\/wp\/v2\/media?parent=23782"}],"curies":[{"name":"wp","href":"https:\/\/api.w.org\/{rel}","templated":true}]}}