{"id":21526,"date":"2024-08-08T10:04:50","date_gmt":"2024-08-08T16:04:50","guid":{"rendered":"https:\/\/waterpeople.org\/?page_id=21526"},"modified":"2026-04-30T12:12:55","modified_gmt":"2026-04-30T18:12:55","slug":"a-cuenta-de-que","status":"publish","type":"page","link":"https:\/\/waterpeople.org\/spanish\/a-cuenta-de-que\/","title":{"rendered":"A cuenta de que ?"},"content":{"rendered":"<div data-elementor-type=\"wp-page\" data-elementor-id=\"21526\" class=\"elementor elementor-21526\" data-elementor-post-type=\"page\">\n\t\t\t\t<div class=\"elementor-element elementor-element-1b6ea5f e-flex e-con-boxed e-con e-parent\" data-id=\"1b6ea5f\" data-element_type=\"container\" data-e-type=\"container\" data-settings=\"{&quot;background_background&quot;:&quot;classic&quot;}\">\n\t\t\t\t\t<div class=\"e-con-inner\">\n\t\t<div class=\"elementor-element elementor-element-0062eef e-con-full e-flex e-con e-child\" data-id=\"0062eef\" data-element_type=\"container\" data-e-type=\"container\" data-settings=\"{&quot;background_background&quot;:&quot;classic&quot;}\">\n\t\t\t\t<div class=\"elementor-element elementor-element-8c4c7b2 elementor-widget elementor-widget-heading\" data-id=\"8c4c7b2\" data-element_type=\"widget\" data-e-type=\"widget\" data-widget_type=\"heading.default\">\n\t\t\t\t<div class=\"elementor-widget-container\">\n\t\t\t\t\t<h2 class=\"elementor-heading-title elementor-size-default\">\u00bfA CUENTA DE QU\u00c9?<\/h2>\t\t\t\t<\/div>\n\t\t\t\t<\/div>\n\t\t\t\t<div class=\"elementor-element elementor-element-6f87391 elementor-widget elementor-widget-text-editor\" data-id=\"6f87391\" data-element_type=\"widget\" data-e-type=\"widget\" data-widget_type=\"text-editor.default\">\n\t\t\t\t<div class=\"elementor-widget-container\">\n\t\t\t\t\t\t\t\t\t<p>Escrita por <strong>IRAIDA TAPIAS &amp; REBECA ALEM\u00c1N<\/strong><\/p>\t\t\t\t\t\t\t\t<\/div>\n\t\t\t\t<\/div>\n\t\t\t\t<div class=\"elementor-element elementor-element-48f7ccb elementor-widget elementor-widget-text-editor\" data-id=\"48f7ccb\" data-element_type=\"widget\" data-e-type=\"widget\" data-widget_type=\"text-editor.default\">\n\t\t\t\t<div class=\"elementor-widget-container\">\n\t\t\t\t\t\t\t\t\t<p>Dirigida por <strong>IRAIDA TAPIAS<br \/><\/strong><\/p>\t\t\t\t\t\t\t\t<\/div>\n\t\t\t\t<\/div>\n\t\t\t\t<\/div>\n\t\t\t\t\t<\/div>\n\t\t\t\t<\/div>\n\t\t<div class=\"elementor-element elementor-element-a1929be e-flex e-con-boxed e-con e-parent\" data-id=\"a1929be\" data-element_type=\"container\" data-e-type=\"container\" data-settings=\"{&quot;background_background&quot;:&quot;classic&quot;}\">\n\t\t\t\t\t<div class=\"e-con-inner\">\n\t\t\t\t<div class=\"elementor-element elementor-element-1af38b0 elementor-widget__width-initial elementor-widget elementor-widget-video\" data-id=\"1af38b0\" data-element_type=\"widget\" data-e-type=\"widget\" data-settings=\"{&quot;youtube_url&quot;:&quot;https:\\\/\\\/youtu.be\\\/4p6qqIU2Xck&quot;,&quot;show_image_overlay&quot;:&quot;yes&quot;,&quot;image_overlay&quot;:{&quot;url&quot;:&quot;https:\\\/\\\/waterpeople.org\\\/wp-content\\\/uploads\\\/2021\\\/09\\\/a-cuenta-de-que-004.jpg&quot;,&quot;id&quot;:11505,&quot;size&quot;:&quot;&quot;,&quot;alt&quot;:&quot;&quot;,&quot;source&quot;:&quot;library&quot;},&quot;video_type&quot;:&quot;youtube&quot;,&quot;controls&quot;:&quot;yes&quot;}\" data-widget_type=\"video.default\">\n\t\t\t\t<div class=\"elementor-widget-container\">\n\t\t\t\t\t\t\t<div class=\"elementor-wrapper elementor-open-inline\">\n\t\t\t<div class=\"elementor-video\"><\/div>\t\t\t\t<div class=\"elementor-custom-embed-image-overlay\" style=\"background-image: url(https:\/\/waterpeople.org\/wp-content\/uploads\/2021\/09\/a-cuenta-de-que-004.jpg);\">\n\t\t\t\t\t\t\t\t\t\t\t\t\t\t\t\t<div class=\"elementor-custom-embed-play\" role=\"button\" aria-label=\"Reproducir v\u00eddeo\" tabindex=\"0\" data-no-translation-aria-label=\"\">\n\t\t\t\t\t\t\t<i aria-hidden=\"true\" class=\"eicon-play\"><\/i>\t\t\t\t\t\t<\/div>\n\t\t\t\t\t\t\t\t\t<\/div>\n\t\t\t\t\t<\/div>\n\t\t\t\t\t\t<\/div>\n\t\t\t\t<\/div>\n\t\t\t\t<div class=\"elementor-element elementor-element-053c83a elementor-widget__width-inherit elementor-widget elementor-widget-text-editor\" data-id=\"053c83a\" data-element_type=\"widget\" data-e-type=\"widget\" data-widget_type=\"text-editor.default\">\n\t\t\t\t<div class=\"elementor-widget-container\">\n\t\t\t\t\t\t\t\t\t<p>Nitu P\u00e9rez Osuna representa a Corina De Los Llanos: Venezolana de pura cepa, en\u00e9rgica y encantadora que se debate entre irse o quedarse en el pa\u00eds. Son tantas las cosas que la atan aqu\u00ed: La navidad, el ca\u00f1onazo, las hayacas, las tradiciones; los momentos felices junto a su familia en una sociedad llena de oportunidades.<\/p><p>De la boca de su pap\u00e1 aprendi\u00f3 el concepto de Democracia; de su mam\u00e1 la solidaridad. Aqu\u00ed conoci\u00f3 y enviud\u00f3 del Dr. Toro y les ense\u00f1\u00f3 a sus hijos que el concepto de familia abarca a todos los que nacen en un mismo lugar. Por una hora treinta minutos, Corina se burla de s\u00ed misma, mira el ayer y el presente; y se pregunta y repregunta \u201c\u00bfA cuenta de qu\u00e9?\u201d<\/p>\t\t\t\t\t\t\t\t<\/div>\n\t\t\t\t<\/div>\n\t\t\t\t<div class=\"elementor-element elementor-element-7c545e4 elementor-widget elementor-widget-text-editor\" data-id=\"7c545e4\" data-element_type=\"widget\" data-e-type=\"widget\" data-widget_type=\"text-editor.default\">\n\t\t\t\t<div class=\"elementor-widget-container\">\n\t\t\t\t\t\t\t\t\t<p><span style=\"font-size: 1.2em;\">CAST<\/span><\/p>\t\t\t\t\t\t\t\t<\/div>\n\t\t\t\t<\/div>\n\t\t\t\t<div class=\"elementor-element elementor-element-ad44ef2 elementor-widget elementor-widget-text-editor\" data-id=\"ad44ef2\" data-element_type=\"widget\" data-e-type=\"widget\" data-widget_type=\"text-editor.default\">\n\t\t\t\t<div class=\"elementor-widget-container\">\n\t\t\t\t\t\t\t\t\t<p><span style=\"font-size: 1.2em;\">Nitu P\u00e9rez Osuna<\/span><\/p>\t\t\t\t\t\t\t\t<\/div>\n\t\t\t\t<\/div>\n\t\t\t\t<div class=\"elementor-element elementor-element-b5272a1 elementor-widget elementor-widget-text-editor\" data-id=\"b5272a1\" data-element_type=\"widget\" data-e-type=\"widget\" data-widget_type=\"text-editor.default\">\n\t\t\t\t<div class=\"elementor-widget-container\">\n\t\t\t\t\t\t\t\t\t<p><span style=\"font-size: 1.2em;\">Caracas<\/span><\/p>\t\t\t\t\t\t\t\t<\/div>\n\t\t\t\t<\/div>\n\t\t\t\t<div class=\"elementor-element elementor-element-f5f4e2e elementor-widget elementor-widget-text-editor\" data-id=\"f5f4e2e\" data-element_type=\"widget\" data-e-type=\"widget\" data-widget_type=\"text-editor.default\">\n\t\t\t\t<div class=\"elementor-widget-container\">\n\t\t\t\t\t\t\t\t\t<p>Abril, 2014<\/p>\t\t\t\t\t\t\t\t<\/div>\n\t\t\t\t<\/div>\n\t\t\t\t\t<\/div>\n\t\t\t\t<\/div>\n\t\t<div class=\"elementor-element elementor-element-97597dd e-flex e-con-boxed e-con e-parent\" data-id=\"97597dd\" data-element_type=\"container\" data-e-type=\"container\">\n\t\t\t\t\t<div class=\"e-con-inner\">\n\t\t\t\t<div class=\"elementor-element elementor-element-8a5ce72 elementor-widget elementor-widget-heading\" data-id=\"8a5ce72\" data-element_type=\"widget\" data-e-type=\"widget\" data-widget_type=\"heading.default\">\n\t\t\t\t<div class=\"elementor-widget-container\">\n\t\t\t\t\t<h2 class=\"elementor-heading-title elementor-size-default\">\u00bfA CUENTA DE QU\u00c9?<\/h2>\t\t\t\t<\/div>\n\t\t\t\t<\/div>\n\t\t\t\t<div class=\"elementor-element elementor-element-f90f309 elementor-widget elementor-widget-gallery\" data-id=\"f90f309\" data-element_type=\"widget\" data-e-type=\"widget\" data-settings=\"{&quot;gap&quot;:{&quot;unit&quot;:&quot;px&quot;,&quot;size&quot;:7,&quot;sizes&quot;:[]},&quot;gap_mobile&quot;:{&quot;unit&quot;:&quot;px&quot;,&quot;size&quot;:2,&quot;sizes&quot;:[]},&quot;gallery_layout&quot;:&quot;justified&quot;,&quot;lazyload&quot;:&quot;yes&quot;,&quot;ideal_row_height&quot;:{&quot;unit&quot;:&quot;px&quot;,&quot;size&quot;:200,&quot;sizes&quot;:[]},&quot;ideal_row_height_tablet&quot;:{&quot;unit&quot;:&quot;px&quot;,&quot;size&quot;:150,&quot;sizes&quot;:[]},&quot;ideal_row_height_mobile&quot;:{&quot;unit&quot;:&quot;px&quot;,&quot;size&quot;:150,&quot;sizes&quot;:[]},&quot;gap_tablet&quot;:{&quot;unit&quot;:&quot;px&quot;,&quot;size&quot;:10,&quot;sizes&quot;:[]},&quot;link_to&quot;:&quot;file&quot;,&quot;overlay_background&quot;:&quot;yes&quot;,&quot;content_hover_animation&quot;:&quot;fade-in&quot;}\" data-widget_type=\"gallery.default\">\n\t\t\t\t<div class=\"elementor-widget-container\">\n\t\t\t\t\t\t\t<div class=\"elementor-gallery__container\">\n\t\t\t\t\t\t\t<a class=\"e-gallery-item elementor-gallery-item elementor-animated-content\" href=\"https:\/\/waterpeople.org\/wp-content\/uploads\/2021\/09\/a-cuenta-de-que-006.jpg\" data-elementor-open-lightbox=\"yes\" data-elementor-lightbox-slideshow=\"f90f309\" data-elementor-lightbox-title=\"a cuenta de que 006\" data-e-action-hash=\"#elementor-action%3Aaction%3Dlightbox%26settings%3DeyJpZCI6MTE1MDcsInVybCI6Imh0dHBzOlwvXC93YXRlcnBlb3BsZS5vcmdcL3dwLWNvbnRlbnRcL3VwbG9hZHNcLzIwMjFcLzA5XC9hLWN1ZW50YS1kZS1xdWUtMDA2LmpwZyIsInNsaWRlc2hvdyI6ImY5MGYzMDkifQ%3D%3D\">\n\t\t\t\t\t<div class=\"e-gallery-image elementor-gallery-item__image\" data-thumbnail=\"https:\/\/waterpeople.org\/wp-content\/uploads\/2021\/09\/a-cuenta-de-que-006-300x220.jpg\" data-width=\"300\" data-height=\"220\" aria-label=\"\" role=\"img\" ><\/div>\n\t\t\t\t\t\t\t\t\t\t\t<div class=\"elementor-gallery-item__overlay\"><\/div>\n\t\t\t\t\t\t\t\t\t\t\t\t\t\t<\/a>\n\t\t\t\t\t\t\t<a class=\"e-gallery-item elementor-gallery-item elementor-animated-content\" href=\"https:\/\/waterpeople.org\/wp-content\/uploads\/2021\/09\/a-cuenta-de-que-004.jpg\" data-elementor-open-lightbox=\"yes\" data-elementor-lightbox-slideshow=\"f90f309\" data-elementor-lightbox-title=\"a cuenta de que 004\" data-e-action-hash=\"#elementor-action%3Aaction%3Dlightbox%26settings%3DeyJpZCI6MTE1MDUsInVybCI6Imh0dHBzOlwvXC93YXRlcnBlb3BsZS5vcmdcL3dwLWNvbnRlbnRcL3VwbG9hZHNcLzIwMjFcLzA5XC9hLWN1ZW50YS1kZS1xdWUtMDA0LmpwZyIsInNsaWRlc2hvdyI6ImY5MGYzMDkifQ%3D%3D\">\n\t\t\t\t\t<div class=\"e-gallery-image elementor-gallery-item__image\" data-thumbnail=\"https:\/\/waterpeople.org\/wp-content\/uploads\/2021\/09\/a-cuenta-de-que-004-300x199.jpg\" data-width=\"300\" data-height=\"199\" aria-label=\"\" role=\"img\" ><\/div>\n\t\t\t\t\t\t\t\t\t\t\t<div class=\"elementor-gallery-item__overlay\"><\/div>\n\t\t\t\t\t\t\t\t\t\t\t\t\t\t<\/a>\n\t\t\t\t\t\t\t<a class=\"e-gallery-item elementor-gallery-item elementor-animated-content\" href=\"https:\/\/waterpeople.org\/wp-content\/uploads\/2021\/09\/a-cuenta-de-que-002.jpg\" data-elementor-open-lightbox=\"yes\" data-elementor-lightbox-slideshow=\"f90f309\" data-elementor-lightbox-title=\"a cuenta de que 002\" data-e-action-hash=\"#elementor-action%3Aaction%3Dlightbox%26settings%3DeyJpZCI6MTE1MDQsInVybCI6Imh0dHBzOlwvXC93YXRlcnBlb3BsZS5vcmdcL3dwLWNvbnRlbnRcL3VwbG9hZHNcLzIwMjFcLzA5XC9hLWN1ZW50YS1kZS1xdWUtMDAyLmpwZyIsInNsaWRlc2hvdyI6ImY5MGYzMDkifQ%3D%3D\">\n\t\t\t\t\t<div class=\"e-gallery-image elementor-gallery-item__image\" data-thumbnail=\"https:\/\/waterpeople.org\/wp-content\/uploads\/2021\/09\/a-cuenta-de-que-002-199x300.jpg\" data-width=\"199\" data-height=\"300\" aria-label=\"\" role=\"img\" ><\/div>\n\t\t\t\t\t\t\t\t\t\t\t<div class=\"elementor-gallery-item__overlay\"><\/div>\n\t\t\t\t\t\t\t\t\t\t\t\t\t\t<\/a>\n\t\t\t\t\t\t\t<a class=\"e-gallery-item elementor-gallery-item elementor-animated-content\" href=\"https:\/\/waterpeople.org\/wp-content\/uploads\/2021\/09\/a-cuenta-de-que-001.jpg\" data-elementor-open-lightbox=\"yes\" data-elementor-lightbox-slideshow=\"f90f309\" data-elementor-lightbox-title=\"a cuenta de que 001\" data-e-action-hash=\"#elementor-action%3Aaction%3Dlightbox%26settings%3DeyJpZCI6MTE1MDMsInVybCI6Imh0dHBzOlwvXC93YXRlcnBlb3BsZS5vcmdcL3dwLWNvbnRlbnRcL3VwbG9hZHNcLzIwMjFcLzA5XC9hLWN1ZW50YS1kZS1xdWUtMDAxLmpwZyIsInNsaWRlc2hvdyI6ImY5MGYzMDkifQ%3D%3D\">\n\t\t\t\t\t<div class=\"e-gallery-image elementor-gallery-item__image\" data-thumbnail=\"https:\/\/waterpeople.org\/wp-content\/uploads\/2021\/09\/a-cuenta-de-que-001-300x199.jpg\" data-width=\"300\" data-height=\"199\" aria-label=\"\" role=\"img\" ><\/div>\n\t\t\t\t\t\t\t\t\t\t\t<div class=\"elementor-gallery-item__overlay\"><\/div>\n\t\t\t\t\t\t\t\t\t\t\t\t\t\t<\/a>\n\t\t\t\t\t<\/div>\n\t\t\t\t\t<\/div>\n\t\t\t\t<\/div>\n\t\t\t\t\t<\/div>\n\t\t\t\t<\/div>\n\t\t\t\t<\/div>","protected":false},"excerpt":{"rendered":"<p>Una Venezolana de pura cepa, en\u00e9rgica y encantadora se debate entre irse o quedarse en el pa\u00eds.<\/p>","protected":false},"author":1,"featured_media":11507,"parent":0,"menu_order":0,"comment_status":"closed","ping_status":"closed","template":"","meta":{"_acf_changed":false,"footnotes":""},"class_list":["post-21526","page","type-page","status-publish","has-post-thumbnail","hentry"],"acf":[],"_links":{"self":[{"href":"https:\/\/waterpeople.org\/spanish\/wp-json\/wp\/v2\/pages\/21526","targetHints":{"allow":["GET"]}}],"collection":[{"href":"https:\/\/waterpeople.org\/spanish\/wp-json\/wp\/v2\/pages"}],"about":[{"href":"https:\/\/waterpeople.org\/spanish\/wp-json\/wp\/v2\/types\/page"}],"author":[{"embeddable":true,"href":"https:\/\/waterpeople.org\/spanish\/wp-json\/wp\/v2\/users\/1"}],"replies":[{"embeddable":true,"href":"https:\/\/waterpeople.org\/spanish\/wp-json\/wp\/v2\/comments?post=21526"}],"version-history":[{"count":43,"href":"https:\/\/waterpeople.org\/spanish\/wp-json\/wp\/v2\/pages\/21526\/revisions"}],"predecessor-version":[{"id":26456,"href":"https:\/\/waterpeople.org\/spanish\/wp-json\/wp\/v2\/pages\/21526\/revisions\/26456"}],"wp:featuredmedia":[{"embeddable":true,"href":"https:\/\/waterpeople.org\/spanish\/wp-json\/wp\/v2\/media\/11507"}],"wp:attachment":[{"href":"https:\/\/waterpeople.org\/spanish\/wp-json\/wp\/v2\/media?parent=21526"}],"curies":[{"name":"wp","href":"https:\/\/api.w.org\/{rel}","templated":true}]}}