{"id":21359,"date":"2024-08-05T08:35:03","date_gmt":"2024-08-05T14:35:03","guid":{"rendered":"https:\/\/waterpeople.org\/?page_id=21359"},"modified":"2025-05-13T18:23:04","modified_gmt":"2025-05-14T00:23:04","slug":"los-elegidos-3","status":"publish","type":"page","link":"https:\/\/waterpeople.org\/spanish\/los-elegidos-3\/","title":{"rendered":"Los Elegidos"},"content":{"rendered":"<div data-elementor-type=\"wp-page\" data-elementor-id=\"21359\" class=\"elementor elementor-21359\" data-elementor-post-type=\"page\">\n\t\t\t\t<div class=\"elementor-element elementor-element-7debf0a e-flex e-con-boxed e-con e-parent\" data-id=\"7debf0a\" data-element_type=\"container\" data-e-type=\"container\" data-settings=\"{&quot;background_background&quot;:&quot;classic&quot;}\">\n\t\t\t\t\t<div class=\"e-con-inner\">\n\t\t<div class=\"elementor-element elementor-element-a6f1d5f e-con-full e-flex e-con e-child\" data-id=\"a6f1d5f\" data-element_type=\"container\" data-e-type=\"container\" data-settings=\"{&quot;background_background&quot;:&quot;classic&quot;}\">\n\t\t\t\t<div class=\"elementor-element elementor-element-fefa744 elementor-widget elementor-widget-heading\" data-id=\"fefa744\" data-element_type=\"widget\" data-e-type=\"widget\" data-widget_type=\"heading.default\">\n\t\t\t\t<div class=\"elementor-widget-container\">\n\t\t\t\t\t<h2 class=\"elementor-heading-title elementor-size-default\">Los Elegidos<\/h2>\t\t\t\t<\/div>\n\t\t\t\t<\/div>\n\t\t\t\t<div class=\"elementor-element elementor-element-9f19838 elementor-widget elementor-widget-text-editor\" data-id=\"9f19838\" data-element_type=\"widget\" data-e-type=\"widget\" data-widget_type=\"text-editor.default\">\n\t\t\t\t<div class=\"elementor-widget-container\">\n\t\t\t\t\t\t\t\t\t<p><span style=\"font-weight: 400;\">Written &amp; Directed by <strong>IRAIDA TAPIAS<\/strong><\/span><\/p>\t\t\t\t\t\t\t\t<\/div>\n\t\t\t\t<\/div>\n\t\t\t\t<\/div>\n\t\t\t\t\t<\/div>\n\t\t\t\t<\/div>\n\t\t<div class=\"elementor-element elementor-element-ae2eefc e-flex e-con-boxed e-con e-parent\" data-id=\"ae2eefc\" data-element_type=\"container\" data-e-type=\"container\" data-settings=\"{&quot;background_background&quot;:&quot;classic&quot;}\">\n\t\t\t\t\t<div class=\"e-con-inner\">\n\t\t\t\t<div class=\"elementor-element elementor-element-7221402 elementor-widget__width-initial elementor-widget elementor-widget-video\" data-id=\"7221402\" data-element_type=\"widget\" data-e-type=\"widget\" data-settings=\"{&quot;youtube_url&quot;:&quot;https:\\\/\\\/youtu.be\\\/D6QTvGsewkM&quot;,&quot;video_type&quot;:&quot;youtube&quot;,&quot;controls&quot;:&quot;yes&quot;}\" data-widget_type=\"video.default\">\n\t\t\t\t<div class=\"elementor-widget-container\">\n\t\t\t\t\t\t\t<div class=\"elementor-wrapper elementor-open-inline\">\n\t\t\t<div class=\"elementor-video\"><\/div>\t\t<\/div>\n\t\t\t\t\t\t<\/div>\n\t\t\t\t<\/div>\n\t\t\t\t<div class=\"elementor-element elementor-element-786790b elementor-widget__width-initial elementor-widget elementor-widget-text-editor\" data-id=\"786790b\" data-element_type=\"widget\" data-e-type=\"widget\" data-widget_type=\"text-editor.default\">\n\t\t\t\t<div class=\"elementor-widget-container\">\n\t\t\t\t\t\t\t\t\t<p>Rebeca Alem\u00e1n, Rafael Romero, Caridad Canel\u00f3n, Roberto Moll, William Goite y Ezequiel Stremiz quienes llevan a las tablas una relaci\u00f3n que provoc\u00f3 el esc\u00e1ndalo de la iglesia y la sociedad de Argentina del siglo XIX, bajo el r\u00e9gimen de Juan Manuel de Rosas,\u00a0Los j\u00f3venes se permitieron un amor imprudente que fue v\u00edctima de la intolerancia y del abuso de poder.<\/p>\t\t\t\t\t\t\t\t<\/div>\n\t\t\t\t<\/div>\n\t\t\t\t<div class=\"elementor-element elementor-element-525fc37 elementor-widget__width-inherit elementor-widget elementor-widget-text-editor\" data-id=\"525fc37\" data-element_type=\"widget\" data-e-type=\"widget\" data-widget_type=\"text-editor.default\">\n\t\t\t\t<div class=\"elementor-widget-container\">\n\t\t\t\t\t\t\t\t\t<p>CAST<\/p>\t\t\t\t\t\t\t\t<\/div>\n\t\t\t\t<\/div>\n\t\t\t\t<div class=\"elementor-element elementor-element-118009a elementor-widget__width-inherit elementor-widget elementor-widget-text-editor\" data-id=\"118009a\" data-element_type=\"widget\" data-e-type=\"widget\" data-widget_type=\"text-editor.default\">\n\t\t\t\t<div class=\"elementor-widget-container\">\n\t\t\t\t\t\t\t\t\t<p><b>Rebeca Alem\u00e1n<br>Rafael Romero<br>Caridad Canel\u00f3n<br>Roberto Moll<br>William Goite<br>Ezequiel Stremiz<\/b><\/p>\n<p>MUSICIANS<br><b>Enrique Bravo<\/b><\/p>\t\t\t\t\t\t\t\t<\/div>\n\t\t\t\t<\/div>\n\t\t\t\t\t<\/div>\n\t\t\t\t<\/div>\n\t\t<div class=\"elementor-element elementor-element-9fa75c7 e-flex e-con-boxed e-con e-parent\" data-id=\"9fa75c7\" data-element_type=\"container\" data-e-type=\"container\">\n\t\t\t\t\t<div class=\"e-con-inner\">\n\t\t\t\t<div class=\"elementor-element elementor-element-f00fda3 elementor-widget elementor-widget-heading\" data-id=\"f00fda3\" data-element_type=\"widget\" data-e-type=\"widget\" data-widget_type=\"heading.default\">\n\t\t\t\t<div class=\"elementor-widget-container\">\n\t\t\t\t\t<h2 class=\"elementor-heading-title elementor-size-default\">Los Elegidos<\/h2>\t\t\t\t<\/div>\n\t\t\t\t<\/div>\n\t\t\t\t<div class=\"elementor-element elementor-element-2db36c8 elementor-widget elementor-widget-gallery\" data-id=\"2db36c8\" data-element_type=\"widget\" data-e-type=\"widget\" data-settings=\"{&quot;gap&quot;:{&quot;unit&quot;:&quot;px&quot;,&quot;size&quot;:7,&quot;sizes&quot;:[]},&quot;gap_mobile&quot;:{&quot;unit&quot;:&quot;px&quot;,&quot;size&quot;:3,&quot;sizes&quot;:[]},&quot;gallery_layout&quot;:&quot;justified&quot;,&quot;lazyload&quot;:&quot;yes&quot;,&quot;ideal_row_height&quot;:{&quot;unit&quot;:&quot;px&quot;,&quot;size&quot;:200,&quot;sizes&quot;:[]},&quot;ideal_row_height_tablet&quot;:{&quot;unit&quot;:&quot;px&quot;,&quot;size&quot;:150,&quot;sizes&quot;:[]},&quot;ideal_row_height_mobile&quot;:{&quot;unit&quot;:&quot;px&quot;,&quot;size&quot;:150,&quot;sizes&quot;:[]},&quot;gap_tablet&quot;:{&quot;unit&quot;:&quot;px&quot;,&quot;size&quot;:10,&quot;sizes&quot;:[]},&quot;link_to&quot;:&quot;file&quot;,&quot;overlay_background&quot;:&quot;yes&quot;,&quot;content_hover_animation&quot;:&quot;fade-in&quot;}\" data-widget_type=\"gallery.default\">\n\t\t\t\t<div class=\"elementor-widget-container\">\n\t\t\t\t\t\t\t<div class=\"elementor-gallery__container\">\n\t\t\t\t\t\t\t<a class=\"e-gallery-item elementor-gallery-item elementor-animated-content\" href=\"https:\/\/waterpeople.org\/wp-content\/uploads\/2024\/08\/Los-Elegidos-Caridad-y-Rebeca-scaled.jpg\" data-elementor-open-lightbox=\"yes\" data-elementor-lightbox-slideshow=\"2db36c8\" data-elementor-lightbox-title=\"los elegidos\" data-e-action-hash=\"#elementor-action%3Aaction%3Dlightbox%26settings%3DeyJpZCI6MjEzNzEsInVybCI6Imh0dHBzOlwvXC93YXRlcnBlb3BsZS5vcmdcL3dwLWNvbnRlbnRcL3VwbG9hZHNcLzIwMjRcLzA4XC9Mb3MtRWxlZ2lkb3MtQ2FyaWRhZC15LVJlYmVjYS1zY2FsZWQuanBnIiwic2xpZGVzaG93IjoiMmRiMzZjOCJ9\">\n\t\t\t\t\t<div class=\"e-gallery-image elementor-gallery-item__image\" data-thumbnail=\"https:\/\/waterpeople.org\/wp-content\/uploads\/2024\/08\/Los-Elegidos-Caridad-y-Rebeca-300x200.jpg\" data-width=\"300\" data-height=\"200\" aria-label=\"\" role=\"img\" ><\/div>\n\t\t\t\t\t\t\t\t\t\t\t<div class=\"elementor-gallery-item__overlay\"><\/div>\n\t\t\t\t\t\t\t\t\t\t\t\t\t\t<\/a>\n\t\t\t\t\t\t\t<a class=\"e-gallery-item elementor-gallery-item elementor-animated-content\" href=\"https:\/\/waterpeople.org\/wp-content\/uploads\/2024\/08\/Los-Elegidos_01.jpg\" data-elementor-open-lightbox=\"yes\" data-elementor-lightbox-slideshow=\"2db36c8\" data-elementor-lightbox-title=\"Los Elegidos_01\" data-e-action-hash=\"#elementor-action%3Aaction%3Dlightbox%26settings%3DeyJpZCI6MjEzNzIsInVybCI6Imh0dHBzOlwvXC93YXRlcnBlb3BsZS5vcmdcL3dwLWNvbnRlbnRcL3VwbG9hZHNcLzIwMjRcLzA4XC9Mb3MtRWxlZ2lkb3NfMDEuanBnIiwic2xpZGVzaG93IjoiMmRiMzZjOCJ9\">\n\t\t\t\t\t<div class=\"e-gallery-image elementor-gallery-item__image\" data-thumbnail=\"https:\/\/waterpeople.org\/wp-content\/uploads\/2024\/08\/Los-Elegidos_01-200x300.jpg\" data-width=\"200\" data-height=\"300\" aria-label=\"\" role=\"img\" ><\/div>\n\t\t\t\t\t\t\t\t\t\t\t<div class=\"elementor-gallery-item__overlay\"><\/div>\n\t\t\t\t\t\t\t\t\t\t\t\t\t\t<\/a>\n\t\t\t\t\t\t\t<a class=\"e-gallery-item elementor-gallery-item elementor-animated-content\" href=\"https:\/\/waterpeople.org\/wp-content\/uploads\/2024\/08\/Los-Elegidos_02.jpg\" data-elementor-open-lightbox=\"yes\" data-elementor-lightbox-slideshow=\"2db36c8\" data-elementor-lightbox-title=\"Los Elegidos_02\" data-e-action-hash=\"#elementor-action%3Aaction%3Dlightbox%26settings%3DeyJpZCI6MjEzNzMsInVybCI6Imh0dHBzOlwvXC93YXRlcnBlb3BsZS5vcmdcL3dwLWNvbnRlbnRcL3VwbG9hZHNcLzIwMjRcLzA4XC9Mb3MtRWxlZ2lkb3NfMDIuanBnIiwic2xpZGVzaG93IjoiMmRiMzZjOCJ9\">\n\t\t\t\t\t<div class=\"e-gallery-image elementor-gallery-item__image\" data-thumbnail=\"https:\/\/waterpeople.org\/wp-content\/uploads\/2024\/08\/Los-Elegidos_02-300x200.jpg\" data-width=\"300\" data-height=\"200\" aria-label=\"\" role=\"img\" ><\/div>\n\t\t\t\t\t\t\t\t\t\t\t<div class=\"elementor-gallery-item__overlay\"><\/div>\n\t\t\t\t\t\t\t\t\t\t\t\t\t\t<\/a>\n\t\t\t\t\t\t\t<a class=\"e-gallery-item elementor-gallery-item elementor-animated-content\" href=\"https:\/\/waterpeople.org\/wp-content\/uploads\/2024\/08\/Los-Elegidos_03.jpg\" data-elementor-open-lightbox=\"yes\" data-elementor-lightbox-slideshow=\"2db36c8\" data-elementor-lightbox-title=\"Los Elegidos_03\" data-e-action-hash=\"#elementor-action%3Aaction%3Dlightbox%26settings%3DeyJpZCI6MjEzNzQsInVybCI6Imh0dHBzOlwvXC93YXRlcnBlb3BsZS5vcmdcL3dwLWNvbnRlbnRcL3VwbG9hZHNcLzIwMjRcLzA4XC9Mb3MtRWxlZ2lkb3NfMDMuanBnIiwic2xpZGVzaG93IjoiMmRiMzZjOCJ9\">\n\t\t\t\t\t<div class=\"e-gallery-image elementor-gallery-item__image\" data-thumbnail=\"https:\/\/waterpeople.org\/wp-content\/uploads\/2024\/08\/Los-Elegidos_03-300x200.jpg\" data-width=\"300\" data-height=\"200\" aria-label=\"\" role=\"img\" ><\/div>\n\t\t\t\t\t\t\t\t\t\t\t<div class=\"elementor-gallery-item__overlay\"><\/div>\n\t\t\t\t\t\t\t\t\t\t\t\t\t\t<\/a>\n\t\t\t\t\t\t\t<a class=\"e-gallery-item elementor-gallery-item elementor-animated-content\" href=\"https:\/\/waterpeople.org\/wp-content\/uploads\/2024\/08\/Los-Elegidos_04.jpg\" data-elementor-open-lightbox=\"yes\" data-elementor-lightbox-slideshow=\"2db36c8\" data-elementor-lightbox-title=\"Los Elegidos_04\" data-e-action-hash=\"#elementor-action%3Aaction%3Dlightbox%26settings%3DeyJpZCI6MjEzNzUsInVybCI6Imh0dHBzOlwvXC93YXRlcnBlb3BsZS5vcmdcL3dwLWNvbnRlbnRcL3VwbG9hZHNcLzIwMjRcLzA4XC9Mb3MtRWxlZ2lkb3NfMDQuanBnIiwic2xpZGVzaG93IjoiMmRiMzZjOCJ9\">\n\t\t\t\t\t<div class=\"e-gallery-image elementor-gallery-item__image\" data-thumbnail=\"https:\/\/waterpeople.org\/wp-content\/uploads\/2024\/08\/Los-Elegidos_04-300x200.jpg\" data-width=\"300\" data-height=\"200\" aria-label=\"\" role=\"img\" ><\/div>\n\t\t\t\t\t\t\t\t\t\t\t<div class=\"elementor-gallery-item__overlay\"><\/div>\n\t\t\t\t\t\t\t\t\t\t\t\t\t\t<\/a>\n\t\t\t\t\t\t\t<a class=\"e-gallery-item elementor-gallery-item elementor-animated-content\" href=\"https:\/\/waterpeople.org\/wp-content\/uploads\/2024\/08\/Los-Elegidos_06.jpg\" data-elementor-open-lightbox=\"yes\" data-elementor-lightbox-slideshow=\"2db36c8\" data-elementor-lightbox-title=\"Los Elegidos_06\" data-e-action-hash=\"#elementor-action%3Aaction%3Dlightbox%26settings%3DeyJpZCI6MjEzNzcsInVybCI6Imh0dHBzOlwvXC93YXRlcnBlb3BsZS5vcmdcL3dwLWNvbnRlbnRcL3VwbG9hZHNcLzIwMjRcLzA4XC9Mb3MtRWxlZ2lkb3NfMDYuanBnIiwic2xpZGVzaG93IjoiMmRiMzZjOCJ9\">\n\t\t\t\t\t<div class=\"e-gallery-image elementor-gallery-item__image\" data-thumbnail=\"https:\/\/waterpeople.org\/wp-content\/uploads\/2024\/08\/Los-Elegidos_06-200x300.jpg\" data-width=\"200\" data-height=\"300\" aria-label=\"\" role=\"img\" ><\/div>\n\t\t\t\t\t\t\t\t\t\t\t<div class=\"elementor-gallery-item__overlay\"><\/div>\n\t\t\t\t\t\t\t\t\t\t\t\t\t\t<\/a>\n\t\t\t\t\t\t\t<a class=\"e-gallery-item elementor-gallery-item elementor-animated-content\" href=\"https:\/\/waterpeople.org\/wp-content\/uploads\/2024\/08\/Los-Elegidos_07.jpg\" data-elementor-open-lightbox=\"yes\" data-elementor-lightbox-slideshow=\"2db36c8\" data-elementor-lightbox-title=\"Los Elegidos_07\" data-e-action-hash=\"#elementor-action%3Aaction%3Dlightbox%26settings%3DeyJpZCI6MjEzNzgsInVybCI6Imh0dHBzOlwvXC93YXRlcnBlb3BsZS5vcmdcL3dwLWNvbnRlbnRcL3VwbG9hZHNcLzIwMjRcLzA4XC9Mb3MtRWxlZ2lkb3NfMDcuanBnIiwic2xpZGVzaG93IjoiMmRiMzZjOCJ9\">\n\t\t\t\t\t<div class=\"e-gallery-image elementor-gallery-item__image\" data-thumbnail=\"https:\/\/waterpeople.org\/wp-content\/uploads\/2024\/08\/Los-Elegidos_07-300x200.jpg\" data-width=\"300\" data-height=\"200\" aria-label=\"\" role=\"img\" ><\/div>\n\t\t\t\t\t\t\t\t\t\t\t<div class=\"elementor-gallery-item__overlay\"><\/div>\n\t\t\t\t\t\t\t\t\t\t\t\t\t\t<\/a>\n\t\t\t\t\t\t\t<a class=\"e-gallery-item elementor-gallery-item elementor-animated-content\" href=\"https:\/\/waterpeople.org\/wp-content\/uploads\/2024\/08\/Los-Elegidos_08.jpg\" data-elementor-open-lightbox=\"yes\" data-elementor-lightbox-slideshow=\"2db36c8\" data-elementor-lightbox-title=\"Los Elegidos_08\" data-e-action-hash=\"#elementor-action%3Aaction%3Dlightbox%26settings%3DeyJpZCI6MjEzNzksInVybCI6Imh0dHBzOlwvXC93YXRlcnBlb3BsZS5vcmdcL3dwLWNvbnRlbnRcL3VwbG9hZHNcLzIwMjRcLzA4XC9Mb3MtRWxlZ2lkb3NfMDguanBnIiwic2xpZGVzaG93IjoiMmRiMzZjOCJ9\">\n\t\t\t\t\t<div class=\"e-gallery-image elementor-gallery-item__image\" data-thumbnail=\"https:\/\/waterpeople.org\/wp-content\/uploads\/2024\/08\/Los-Elegidos_08-300x200.jpg\" data-width=\"300\" data-height=\"200\" aria-label=\"\" role=\"img\" ><\/div>\n\t\t\t\t\t\t\t\t\t\t\t<div class=\"elementor-gallery-item__overlay\"><\/div>\n\t\t\t\t\t\t\t\t\t\t\t\t\t\t<\/a>\n\t\t\t\t\t\t\t<a class=\"e-gallery-item elementor-gallery-item elementor-animated-content\" href=\"https:\/\/waterpeople.org\/wp-content\/uploads\/2024\/08\/Los-Elegidos_09.jpg\" data-elementor-open-lightbox=\"yes\" data-elementor-lightbox-slideshow=\"2db36c8\" data-elementor-lightbox-title=\"Los Elegidos_09\" data-e-action-hash=\"#elementor-action%3Aaction%3Dlightbox%26settings%3DeyJpZCI6MjEzODAsInVybCI6Imh0dHBzOlwvXC93YXRlcnBlb3BsZS5vcmdcL3dwLWNvbnRlbnRcL3VwbG9hZHNcLzIwMjRcLzA4XC9Mb3MtRWxlZ2lkb3NfMDkuanBnIiwic2xpZGVzaG93IjoiMmRiMzZjOCJ9\">\n\t\t\t\t\t<div class=\"e-gallery-image elementor-gallery-item__image\" data-thumbnail=\"https:\/\/waterpeople.org\/wp-content\/uploads\/2024\/08\/Los-Elegidos_09-300x200.jpg\" data-width=\"300\" data-height=\"200\" aria-label=\"\" role=\"img\" ><\/div>\n\t\t\t\t\t\t\t\t\t\t\t<div class=\"elementor-gallery-item__overlay\"><\/div>\n\t\t\t\t\t\t\t\t\t\t\t\t\t\t<\/a>\n\t\t\t\t\t\t\t<a class=\"e-gallery-item elementor-gallery-item elementor-animated-content\" href=\"https:\/\/waterpeople.org\/wp-content\/uploads\/2024\/08\/Los-Elegidos_10.jpg\" data-elementor-open-lightbox=\"yes\" data-elementor-lightbox-slideshow=\"2db36c8\" data-elementor-lightbox-title=\"Los Elegidos_10\" data-e-action-hash=\"#elementor-action%3Aaction%3Dlightbox%26settings%3DeyJpZCI6MjEzODEsInVybCI6Imh0dHBzOlwvXC93YXRlcnBlb3BsZS5vcmdcL3dwLWNvbnRlbnRcL3VwbG9hZHNcLzIwMjRcLzA4XC9Mb3MtRWxlZ2lkb3NfMTAuanBnIiwic2xpZGVzaG93IjoiMmRiMzZjOCJ9\">\n\t\t\t\t\t<div class=\"e-gallery-image elementor-gallery-item__image\" data-thumbnail=\"https:\/\/waterpeople.org\/wp-content\/uploads\/2024\/08\/Los-Elegidos_10-300x196.jpg\" data-width=\"300\" data-height=\"196\" aria-label=\"\" role=\"img\" ><\/div>\n\t\t\t\t\t\t\t\t\t\t\t<div class=\"elementor-gallery-item__overlay\"><\/div>\n\t\t\t\t\t\t\t\t\t\t\t\t\t\t<\/a>\n\t\t\t\t\t\t\t<a class=\"e-gallery-item elementor-gallery-item elementor-animated-content\" href=\"https:\/\/waterpeople.org\/wp-content\/uploads\/2024\/08\/Los-Elegidos_11.jpg\" data-elementor-open-lightbox=\"yes\" data-elementor-lightbox-slideshow=\"2db36c8\" data-elementor-lightbox-title=\"Los Elegidos_11\" data-e-action-hash=\"#elementor-action%3Aaction%3Dlightbox%26settings%3DeyJpZCI6MjEzODIsInVybCI6Imh0dHBzOlwvXC93YXRlcnBlb3BsZS5vcmdcL3dwLWNvbnRlbnRcL3VwbG9hZHNcLzIwMjRcLzA4XC9Mb3MtRWxlZ2lkb3NfMTEuanBnIiwic2xpZGVzaG93IjoiMmRiMzZjOCJ9\">\n\t\t\t\t\t<div class=\"e-gallery-image elementor-gallery-item__image\" data-thumbnail=\"https:\/\/waterpeople.org\/wp-content\/uploads\/2024\/08\/Los-Elegidos_11-300x200.jpg\" data-width=\"300\" data-height=\"200\" aria-label=\"\" role=\"img\" ><\/div>\n\t\t\t\t\t\t\t\t\t\t\t<div class=\"elementor-gallery-item__overlay\"><\/div>\n\t\t\t\t\t\t\t\t\t\t\t\t\t\t<\/a>\n\t\t\t\t\t\t\t<a class=\"e-gallery-item elementor-gallery-item elementor-animated-content\" href=\"https:\/\/waterpeople.org\/wp-content\/uploads\/2024\/08\/Los-Elegidos_12.jpg\" data-elementor-open-lightbox=\"yes\" data-elementor-lightbox-slideshow=\"2db36c8\" data-elementor-lightbox-title=\"Los Elegidos_12\" data-e-action-hash=\"#elementor-action%3Aaction%3Dlightbox%26settings%3DeyJpZCI6MjEzODMsInVybCI6Imh0dHBzOlwvXC93YXRlcnBlb3BsZS5vcmdcL3dwLWNvbnRlbnRcL3VwbG9hZHNcLzIwMjRcLzA4XC9Mb3MtRWxlZ2lkb3NfMTIuanBnIiwic2xpZGVzaG93IjoiMmRiMzZjOCJ9\">\n\t\t\t\t\t<div class=\"e-gallery-image elementor-gallery-item__image\" data-thumbnail=\"https:\/\/waterpeople.org\/wp-content\/uploads\/2024\/08\/Los-Elegidos_12-300x203.jpg\" data-width=\"300\" data-height=\"203\" aria-label=\"\" role=\"img\" ><\/div>\n\t\t\t\t\t\t\t\t\t\t\t<div class=\"elementor-gallery-item__overlay\"><\/div>\n\t\t\t\t\t\t\t\t\t\t\t\t\t\t<\/a>\n\t\t\t\t\t\t\t<a class=\"e-gallery-item elementor-gallery-item elementor-animated-content\" href=\"https:\/\/waterpeople.org\/wp-content\/uploads\/2024\/08\/Los-Elegidos_13.jpg\" data-elementor-open-lightbox=\"yes\" data-elementor-lightbox-slideshow=\"2db36c8\" data-elementor-lightbox-title=\"Los Elegidos_13\" data-e-action-hash=\"#elementor-action%3Aaction%3Dlightbox%26settings%3DeyJpZCI6MjEzODQsInVybCI6Imh0dHBzOlwvXC93YXRlcnBlb3BsZS5vcmdcL3dwLWNvbnRlbnRcL3VwbG9hZHNcLzIwMjRcLzA4XC9Mb3MtRWxlZ2lkb3NfMTMuanBnIiwic2xpZGVzaG93IjoiMmRiMzZjOCJ9\">\n\t\t\t\t\t<div class=\"e-gallery-image elementor-gallery-item__image\" data-thumbnail=\"https:\/\/waterpeople.org\/wp-content\/uploads\/2024\/08\/Los-Elegidos_13-200x300.jpg\" data-width=\"200\" data-height=\"300\" aria-label=\"\" role=\"img\" ><\/div>\n\t\t\t\t\t\t\t\t\t\t\t<div class=\"elementor-gallery-item__overlay\"><\/div>\n\t\t\t\t\t\t\t\t\t\t\t\t\t\t<\/a>\n\t\t\t\t\t\t\t<a class=\"e-gallery-item elementor-gallery-item elementor-animated-content\" href=\"https:\/\/waterpeople.org\/wp-content\/uploads\/2024\/08\/Los-Elegidos_14.jpg\" data-elementor-open-lightbox=\"yes\" data-elementor-lightbox-slideshow=\"2db36c8\" data-elementor-lightbox-title=\"Los Elegidos_14\" data-e-action-hash=\"#elementor-action%3Aaction%3Dlightbox%26settings%3DeyJpZCI6MjEzODUsInVybCI6Imh0dHBzOlwvXC93YXRlcnBlb3BsZS5vcmdcL3dwLWNvbnRlbnRcL3VwbG9hZHNcLzIwMjRcLzA4XC9Mb3MtRWxlZ2lkb3NfMTQuanBnIiwic2xpZGVzaG93IjoiMmRiMzZjOCJ9\">\n\t\t\t\t\t<div class=\"e-gallery-image elementor-gallery-item__image\" data-thumbnail=\"https:\/\/waterpeople.org\/wp-content\/uploads\/2024\/08\/Los-Elegidos_14-214x300.jpg\" data-width=\"214\" data-height=\"300\" aria-label=\"\" role=\"img\" ><\/div>\n\t\t\t\t\t\t\t\t\t\t\t<div class=\"elementor-gallery-item__overlay\"><\/div>\n\t\t\t\t\t\t\t\t\t\t\t\t\t\t<\/a>\n\t\t\t\t\t\t\t<a class=\"e-gallery-item elementor-gallery-item elementor-animated-content\" href=\"https:\/\/waterpeople.org\/wp-content\/uploads\/2024\/08\/Los-Elegidos_15.jpg\" data-elementor-open-lightbox=\"yes\" data-elementor-lightbox-slideshow=\"2db36c8\" data-elementor-lightbox-title=\"Los Elegidos_15\" data-e-action-hash=\"#elementor-action%3Aaction%3Dlightbox%26settings%3DeyJpZCI6MjEzODYsInVybCI6Imh0dHBzOlwvXC93YXRlcnBlb3BsZS5vcmdcL3dwLWNvbnRlbnRcL3VwbG9hZHNcLzIwMjRcLzA4XC9Mb3MtRWxlZ2lkb3NfMTUuanBnIiwic2xpZGVzaG93IjoiMmRiMzZjOCJ9\">\n\t\t\t\t\t<div class=\"e-gallery-image elementor-gallery-item__image\" data-thumbnail=\"https:\/\/waterpeople.org\/wp-content\/uploads\/2024\/08\/Los-Elegidos_15-300x197.jpg\" data-width=\"300\" data-height=\"197\" aria-label=\"\" role=\"img\" ><\/div>\n\t\t\t\t\t\t\t\t\t\t\t<div class=\"elementor-gallery-item__overlay\"><\/div>\n\t\t\t\t\t\t\t\t\t\t\t\t\t\t<\/a>\n\t\t\t\t\t\t\t<a class=\"e-gallery-item elementor-gallery-item elementor-animated-content\" href=\"https:\/\/waterpeople.org\/wp-content\/uploads\/2024\/08\/Los-Elegidos_16.jpg\" data-elementor-open-lightbox=\"yes\" data-elementor-lightbox-slideshow=\"2db36c8\" data-elementor-lightbox-title=\"Los Elegidos_16\" data-e-action-hash=\"#elementor-action%3Aaction%3Dlightbox%26settings%3DeyJpZCI6MjEzODcsInVybCI6Imh0dHBzOlwvXC93YXRlcnBlb3BsZS5vcmdcL3dwLWNvbnRlbnRcL3VwbG9hZHNcLzIwMjRcLzA4XC9Mb3MtRWxlZ2lkb3NfMTYuanBnIiwic2xpZGVzaG93IjoiMmRiMzZjOCJ9\">\n\t\t\t\t\t<div class=\"e-gallery-image elementor-gallery-item__image\" data-thumbnail=\"https:\/\/waterpeople.org\/wp-content\/uploads\/2024\/08\/Los-Elegidos_16-300x203.jpg\" data-width=\"300\" data-height=\"203\" aria-label=\"\" role=\"img\" ><\/div>\n\t\t\t\t\t\t\t\t\t\t\t<div class=\"elementor-gallery-item__overlay\"><\/div>\n\t\t\t\t\t\t\t\t\t\t\t\t\t\t<\/a>\n\t\t\t\t\t\t\t<a class=\"e-gallery-item elementor-gallery-item elementor-animated-content\" href=\"https:\/\/waterpeople.org\/wp-content\/uploads\/2024\/08\/Los-Elegidos_18-scaled.jpg\" data-elementor-open-lightbox=\"yes\" data-elementor-lightbox-slideshow=\"2db36c8\" data-elementor-lightbox-title=\"Los Elegidos_18\" data-e-action-hash=\"#elementor-action%3Aaction%3Dlightbox%26settings%3DeyJpZCI6MjEzODgsInVybCI6Imh0dHBzOlwvXC93YXRlcnBlb3BsZS5vcmdcL3dwLWNvbnRlbnRcL3VwbG9hZHNcLzIwMjRcLzA4XC9Mb3MtRWxlZ2lkb3NfMTgtc2NhbGVkLmpwZyIsInNsaWRlc2hvdyI6IjJkYjM2YzgifQ%3D%3D\">\n\t\t\t\t\t<div class=\"e-gallery-image elementor-gallery-item__image\" data-thumbnail=\"https:\/\/waterpeople.org\/wp-content\/uploads\/2024\/08\/Los-Elegidos_18-300x200.jpg\" data-width=\"300\" data-height=\"200\" aria-label=\"\" role=\"img\" ><\/div>\n\t\t\t\t\t\t\t\t\t\t\t<div class=\"elementor-gallery-item__overlay\"><\/div>\n\t\t\t\t\t\t\t\t\t\t\t\t\t\t<\/a>\n\t\t\t\t\t\t\t<a class=\"e-gallery-item elementor-gallery-item elementor-animated-content\" href=\"https:\/\/waterpeople.org\/wp-content\/uploads\/2024\/08\/Los-Elegidos_19.jpg\" data-elementor-open-lightbox=\"yes\" data-elementor-lightbox-slideshow=\"2db36c8\" data-elementor-lightbox-title=\"Los Elegidos_19\" data-e-action-hash=\"#elementor-action%3Aaction%3Dlightbox%26settings%3DeyJpZCI6MjEzODksInVybCI6Imh0dHBzOlwvXC93YXRlcnBlb3BsZS5vcmdcL3dwLWNvbnRlbnRcL3VwbG9hZHNcLzIwMjRcLzA4XC9Mb3MtRWxlZ2lkb3NfMTkuanBnIiwic2xpZGVzaG93IjoiMmRiMzZjOCJ9\">\n\t\t\t\t\t<div class=\"e-gallery-image elementor-gallery-item__image\" data-thumbnail=\"https:\/\/waterpeople.org\/wp-content\/uploads\/2024\/08\/Los-Elegidos_19-300x139.jpg\" data-width=\"300\" data-height=\"139\" aria-label=\"\" role=\"img\" ><\/div>\n\t\t\t\t\t\t\t\t\t\t\t<div class=\"elementor-gallery-item__overlay\"><\/div>\n\t\t\t\t\t\t\t\t\t\t\t\t\t\t<\/a>\n\t\t\t\t\t\t\t<a class=\"e-gallery-item elementor-gallery-item elementor-animated-content\" href=\"https:\/\/waterpeople.org\/wp-content\/uploads\/2024\/08\/los-elegidos_camerino.jpg\" data-elementor-open-lightbox=\"yes\" data-elementor-lightbox-slideshow=\"2db36c8\" data-elementor-lightbox-title=\"los elegidos_camerino\" data-e-action-hash=\"#elementor-action%3Aaction%3Dlightbox%26settings%3DeyJpZCI6MjEzOTAsInVybCI6Imh0dHBzOlwvXC93YXRlcnBlb3BsZS5vcmdcL3dwLWNvbnRlbnRcL3VwbG9hZHNcLzIwMjRcLzA4XC9sb3MtZWxlZ2lkb3NfY2FtZXJpbm8uanBnIiwic2xpZGVzaG93IjoiMmRiMzZjOCJ9\">\n\t\t\t\t\t<div class=\"e-gallery-image elementor-gallery-item__image\" data-thumbnail=\"https:\/\/waterpeople.org\/wp-content\/uploads\/2024\/08\/los-elegidos_camerino-300x224.jpg\" data-width=\"300\" data-height=\"224\" aria-label=\"\" role=\"img\" ><\/div>\n\t\t\t\t\t\t\t\t\t\t\t<div class=\"elementor-gallery-item__overlay\"><\/div>\n\t\t\t\t\t\t\t\t\t\t\t\t\t\t<\/a>\n\t\t\t\t\t\t\t<a class=\"e-gallery-item elementor-gallery-item elementor-animated-content\" href=\"https:\/\/waterpeople.org\/wp-content\/uploads\/2024\/08\/Rafael-Romero-Los-Eleegidos-scaled.jpg\" data-elementor-open-lightbox=\"yes\" data-elementor-lightbox-slideshow=\"2db36c8\" data-elementor-lightbox-title=\"los elegidos\" data-e-action-hash=\"#elementor-action%3Aaction%3Dlightbox%26settings%3DeyJpZCI6MjEzOTEsInVybCI6Imh0dHBzOlwvXC93YXRlcnBlb3BsZS5vcmdcL3dwLWNvbnRlbnRcL3VwbG9hZHNcLzIwMjRcLzA4XC9SYWZhZWwtUm9tZXJvLUxvcy1FbGVlZ2lkb3Mtc2NhbGVkLmpwZyIsInNsaWRlc2hvdyI6IjJkYjM2YzgifQ%3D%3D\">\n\t\t\t\t\t<div class=\"e-gallery-image elementor-gallery-item__image\" data-thumbnail=\"https:\/\/waterpeople.org\/wp-content\/uploads\/2024\/08\/Rafael-Romero-Los-Eleegidos-300x200.jpg\" data-width=\"300\" data-height=\"200\" aria-label=\"\" role=\"img\" ><\/div>\n\t\t\t\t\t\t\t\t\t\t\t<div class=\"elementor-gallery-item__overlay\"><\/div>\n\t\t\t\t\t\t\t\t\t\t\t\t\t\t<\/a>\n\t\t\t\t\t<\/div>\n\t\t\t\t\t<\/div>\n\t\t\t\t<\/div>\n\t\t\t\t<div class=\"elementor-element elementor-element-439bf54 elementor-widget elementor-widget-html\" data-id=\"439bf54\" data-element_type=\"widget\" data-e-type=\"widget\" data-widget_type=\"html.default\">\n\t\t\t\t<div class=\"elementor-widget-container\">\n\t\t\t\t\t<iframe style=\"border-radius:12px\" src=\"https:\/\/open.spotify.com\/embed\/album\/1B39coaNGJGnszHT6rVkY6?utm_source=generator\" width=\"100%\" height=\"352\" frameborder=\"0\" allowfullscreen=\"\" allow=\"autoplay; clipboard-write; encrypted-media; fullscreen; picture-in-picture\" loading=\"lazy\"><\/iframe>\t\t\t\t<\/div>\n\t\t\t\t<\/div>\n\t\t\t\t\t<\/div>\n\t\t\t\t<\/div>\n\t\t\t\t<\/div>","protected":false},"excerpt":{"rendered":"<p>Los Elegidos Written &amp; Directed by IRAIDA TAPIAS https:\/\/youtu.be\/D6QTvGsewkM Rebeca Alem\u00e1n, Rafael Romero, Caridad Canel\u00f3n, Roberto Moll, William Goite y Ezequiel Stremiz quienes llevan a las tablas una relaci\u00f3n que provoc\u00f3 el esc\u00e1ndalo de la iglesia y la sociedad de Argentina del siglo XIX, bajo el r\u00e9gimen de Juan Manuel de Rosas,\u00a0Los j\u00f3venes se permitieron [&hellip;]<\/p>\n","protected":false},"author":1,"featured_media":0,"parent":0,"menu_order":0,"comment_status":"closed","ping_status":"closed","template":"","meta":{"_acf_changed":false,"footnotes":""},"class_list":["post-21359","page","type-page","status-publish","hentry"],"acf":[],"_links":{"self":[{"href":"https:\/\/waterpeople.org\/spanish\/wp-json\/wp\/v2\/pages\/21359","targetHints":{"allow":["GET"]}}],"collection":[{"href":"https:\/\/waterpeople.org\/spanish\/wp-json\/wp\/v2\/pages"}],"about":[{"href":"https:\/\/waterpeople.org\/spanish\/wp-json\/wp\/v2\/types\/page"}],"author":[{"embeddable":true,"href":"https:\/\/waterpeople.org\/spanish\/wp-json\/wp\/v2\/users\/1"}],"replies":[{"embeddable":true,"href":"https:\/\/waterpeople.org\/spanish\/wp-json\/wp\/v2\/comments?post=21359"}],"version-history":[{"count":73,"href":"https:\/\/waterpeople.org\/spanish\/wp-json\/wp\/v2\/pages\/21359\/revisions"}],"predecessor-version":[{"id":23630,"href":"https:\/\/waterpeople.org\/spanish\/wp-json\/wp\/v2\/pages\/21359\/revisions\/23630"}],"wp:attachment":[{"href":"https:\/\/waterpeople.org\/spanish\/wp-json\/wp\/v2\/media?parent=21359"}],"curies":[{"name":"wp","href":"https:\/\/api.w.org\/{rel}","templated":true}]}}